{"id":22,"date":"2013-09-26T12:49:21","date_gmt":"2013-09-26T10:49:21","guid":{"rendered":"http:\/\/ferienwohnungamguckenberg.de\/?page_id=22"},"modified":"2014-02-06T14:53:55","modified_gmt":"2014-02-06T13:53:55","slug":"ausstattung","status":"publish","type":"page","link":"https:\/\/ferienwohnungamguckenberg.de\/?page_id=22","title":{"rendered":"Ausstattung"},"content":{"rendered":"<p>Unser gem\u00fctliche Ferienwohnung hat eine Wohnfl\u00e4che von 50 qm und hat einen separaten Eingang. Von dem kleinen Flur sind\u00a0 die einzelnen Zimmer zug\u00e4nglich. In der Wohnung darf nicht geraucht werden.<\/p>\n<h2>Wohnzimmer<\/h2>\n<p style=\"text-align: left;\">Im Wohnzimmer l\u00e4d ein reichlich best\u00fccktes\u00a0 B\u00fccherregal zum Schm\u00f6kern ein. Auch Infomaionsmaterial \u00fcber Diez und die nahe Umgebung sowie Spiele sind vorhanden. Eine gem\u00fctliche Sitzgruppe besteht aus einer Couch und zwei Sessel. Zum Fernsehen steht ein moderner Flachbildschirm bereit.<\/p>\n<div id=\"attachment_92\" style=\"width: 310px\" class=\"wp-caption alignnone\"><a href=\"https:\/\/ferienwohnungamguckenberg.de\/wp-content\/uploads\/2013\/09\/Ferienwohnung-27.jpg\"><img loading=\"lazy\" decoding=\"async\" aria-describedby=\"caption-attachment-92\" class=\"size-medium wp-image-92\" title=\"Wohnzimmer\" alt=\"Wohnzimmer\" src=\"https:\/\/ferienwohnungamguckenberg.de\/wp-content\/uploads\/2013\/09\/Ferienwohnung-27-300x200.jpg\" width=\"300\" height=\"200\" srcset=\"https:\/\/ferienwohnungamguckenberg.de\/wp-content\/uploads\/2013\/09\/Ferienwohnung-27-300x200.jpg 300w, https:\/\/ferienwohnungamguckenberg.de\/wp-content\/uploads\/2013\/09\/Ferienwohnung-27-1024x682.jpg 1024w\" sizes=\"(max-width: 300px) 100vw, 300px\" \/><\/a><p id=\"caption-attachment-92\" class=\"wp-caption-text\">gem\u00fctliches Wohnzimmer mit B\u00fccherregal<\/p><\/div>\n<h2>Schlafzimmer<\/h2>\n<p>Das Schlafzimmer verf\u00fcgt \u00fcber ein Doppelbett und einen Kleiderschrank. Vor dem Fenster ein Tisch und St\u00fchle. Alternativ kann ein zus\u00e4tzliches Bett, z.B. f\u00fcr ein Kind, gestellt werden.<\/p>\n<div id=\"attachment_158\" style=\"width: 327px\" class=\"wp-caption alignnone\"><a href=\"https:\/\/ferienwohnungamguckenberg.de\/wp-content\/uploads\/2013\/09\/Ferienwohnung-26.jpg\"><img loading=\"lazy\" decoding=\"async\" aria-describedby=\"caption-attachment-158\" class=\"size-full wp-image-158\" title=\"Schlafzimmer mit Doppelbett\" alt=\"Schlafzimmer mit Doppelbett\" src=\"https:\/\/ferienwohnungamguckenberg.de\/wp-content\/uploads\/2013\/09\/Ferienwohnung-26.jpg\" width=\"317\" height=\"211\" srcset=\"https:\/\/ferienwohnungamguckenberg.de\/wp-content\/uploads\/2013\/09\/Ferienwohnung-26.jpg 2544w, https:\/\/ferienwohnungamguckenberg.de\/wp-content\/uploads\/2013\/09\/Ferienwohnung-26-300x200.jpg 300w, https:\/\/ferienwohnungamguckenberg.de\/wp-content\/uploads\/2013\/09\/Ferienwohnung-26-1024x682.jpg 1024w\" sizes=\"(max-width: 317px) 100vw, 317px\" \/><\/a><p id=\"caption-attachment-158\" class=\"wp-caption-text\">Schlafzimmer mit komfortablem Doppelbett<\/p><\/div>\n<h2>K\u00fcche<\/h2>\n<p>Die K\u00fccheneinrichtung besteht aus einem elektrischen Herd mit Backofen, einem gro\u00dfen K\u00fchlschrank mit Gefrierfach sowie einer Sp\u00fcle. Ein Wasserkocher, ein Toaster, eine Kaffeemaschine und notwendige Kochutensilien erg\u00e4nzen die Ausr\u00fcstung. Der Essplatz gibt zwei Personen Platz.<\/p>\n<div id=\"attachment_120\" style=\"width: 310px\" class=\"wp-caption alignnone\"><a href=\"https:\/\/ferienwohnungamguckenberg.de\/wp-content\/uploads\/2013\/10\/K\u00fcche-34.jpg\"><img loading=\"lazy\" decoding=\"async\" aria-describedby=\"caption-attachment-120\" class=\"size-medium wp-image-120\" alt=\"voll ausgestattete K\u00fcche\" src=\"https:\/\/ferienwohnungamguckenberg.de\/wp-content\/uploads\/2013\/10\/K\u00fcche-34-300x200.jpg\" width=\"300\" height=\"200\" srcset=\"https:\/\/ferienwohnungamguckenberg.de\/wp-content\/uploads\/2013\/10\/K\u00fcche-34-300x200.jpg 300w, https:\/\/ferienwohnungamguckenberg.de\/wp-content\/uploads\/2013\/10\/K\u00fcche-34.jpg 1024w\" sizes=\"(max-width: 300px) 100vw, 300px\" \/><\/a><p id=\"caption-attachment-120\" class=\"wp-caption-text\">voll ausgestattete K\u00fcche<\/p><\/div>\n<h2>Badezimmer<\/h2>\n<p>Das Badezimmer ist mit einer Dusche in einer Duschkabine ausgestattet,<\/p>\n<div id=\"attachment_164\" style=\"width: 326px\" class=\"wp-caption alignnone\"><a href=\"https:\/\/ferienwohnungamguckenberg.de\/wp-content\/uploads\/2013\/09\/P1030536.jpg\"><img loading=\"lazy\" decoding=\"async\" aria-describedby=\"caption-attachment-164\" class=\" wp-image-164\" title=\"Badezimmer\" alt=\"Badezimmer mit Dusche und WC\" src=\"https:\/\/ferienwohnungamguckenberg.de\/wp-content\/uploads\/2013\/09\/P1030536.jpg\" width=\"316\" height=\"210\" srcset=\"https:\/\/ferienwohnungamguckenberg.de\/wp-content\/uploads\/2013\/09\/P1030536.jpg 1024w, https:\/\/ferienwohnungamguckenberg.de\/wp-content\/uploads\/2013\/09\/P1030536-300x200.jpg 300w\" sizes=\"(max-width: 316px) 100vw, 316px\" \/><\/a><p id=\"caption-attachment-164\" class=\"wp-caption-text\">ger\u00e4umiges Badezimmer mit Dusche und WC<\/p><\/div>\n<h2>Terrasse<\/h2>\n<p>Der Sitzplatz auf der \u00fcberdachten Terrasse ist ab dem Nachmittag von\u00a0 Sonnenstrahlen erw\u00e4rmt. Eine zweite Sitzgruppe l\u00e4dt zum Fr\u00fchst\u00fcck in der Morgensonne ein.<\/p>\n<div id=\"attachment_83\" style=\"width: 310px\" class=\"wp-caption alignnone\"><a href=\"https:\/\/ferienwohnungamguckenberg.de\/wp-content\/uploads\/2013\/10\/Ferienwohnung-31.jpg\"><img loading=\"lazy\" decoding=\"async\" aria-describedby=\"caption-attachment-83\" class=\"size-medium wp-image-83\" alt=\"\u00dcberdachter Sitzplatz im Gr\u00fcnen\" src=\"https:\/\/ferienwohnungamguckenberg.de\/wp-content\/uploads\/2013\/10\/Ferienwohnung-31-300x200.jpg\" width=\"300\" height=\"200\" srcset=\"https:\/\/ferienwohnungamguckenberg.de\/wp-content\/uploads\/2013\/10\/Ferienwohnung-31-300x200.jpg 300w, https:\/\/ferienwohnungamguckenberg.de\/wp-content\/uploads\/2013\/10\/Ferienwohnung-31-1024x682.jpg 1024w\" sizes=\"(max-width: 300px) 100vw, 300px\" \/><\/a><p id=\"caption-attachment-83\" class=\"wp-caption-text\">\u00dcberdachter Sitzpatz im Gr\u00fcnen<\/p><\/div>\n<p>&nbsp;<\/p>\n<p>&nbsp;<\/p>\n<p>&nbsp;<\/p>\n","protected":false},"excerpt":{"rendered":"<p>Unser gem\u00fctliche Ferienwohnung hat eine Wohnfl\u00e4che von 50 qm und hat einen separaten Eingang. Von dem kleinen Flur sind\u00a0 die einzelnen Zimmer zug\u00e4nglich. In der Wohnung darf nicht geraucht werden. Wohnzimmer Im Wohnzimmer l\u00e4d ein reichlich best\u00fccktes\u00a0 B\u00fccherregal zum Schm\u00f6kern ein. Auch Infomaionsmaterial \u00fcber Diez und die nahe Umgebung sowie Spiele sind vorhanden. Eine gem\u00fctliche [&hellip;]<\/p>\n","protected":false},"author":1,"featured_media":143,"parent":0,"menu_order":0,"comment_status":"closed","ping_status":"open","template":"","meta":{"footnotes":""},"_links":{"self":[{"href":"https:\/\/ferienwohnungamguckenberg.de\/index.php?rest_route=\/wp\/v2\/pages\/22"}],"collection":[{"href":"https:\/\/ferienwohnungamguckenberg.de\/index.php?rest_route=\/wp\/v2\/pages"}],"about":[{"href":"https:\/\/ferienwohnungamguckenberg.de\/index.php?rest_route=\/wp\/v2\/types\/page"}],"author":[{"embeddable":true,"href":"https:\/\/ferienwohnungamguckenberg.de\/index.php?rest_route=\/wp\/v2\/users\/1"}],"replies":[{"embeddable":true,"href":"https:\/\/ferienwohnungamguckenberg.de\/index.php?rest_route=%2Fwp%2Fv2%2Fcomments&post=22"}],"version-history":[{"count":36,"href":"https:\/\/ferienwohnungamguckenberg.de\/index.php?rest_route=\/wp\/v2\/pages\/22\/revisions"}],"predecessor-version":[{"id":243,"href":"https:\/\/ferienwohnungamguckenberg.de\/index.php?rest_route=\/wp\/v2\/pages\/22\/revisions\/243"}],"wp:featuredmedia":[{"embeddable":true,"href":"https:\/\/ferienwohnungamguckenberg.de\/index.php?rest_route=\/wp\/v2\/media\/143"}],"wp:attachment":[{"href":"https:\/\/ferienwohnungamguckenberg.de\/index.php?rest_route=%2Fwp%2Fv2%2Fmedia&parent=22"}],"curies":[{"name":"wp","href":"https:\/\/api.w.org\/{rel}","templated":true}]}}